{"id":380,"date":"2022-07-29T10:02:01","date_gmt":"2022-07-29T08:02:01","guid":{"rendered":"https:\/\/www.excarbonell.com\/contacte\/"},"modified":"2023-07-11T14:02:28","modified_gmt":"2023-07-11T12:02:28","slug":"contacto","status":"publish","type":"page","link":"https:\/\/www.excarbonell.com\/es\/contacto\/","title":{"rendered":"Contacto"},"content":{"rendered":"<div class=\"vce-row-container\" data-vce-boxed-width=\"true\"><div class=\"vce-row vce-element--xl--has-background vce-element--lg--has-background vce-element--md--has-background vce-element--sm--has-background vce-element--xs--has-background vce-row--col-gap-100 vce-row-equal-height vce-row-content--top\" id=\"el-b6543653\" data-vce-do-apply=\"all el-b6543653\"><div class=\"vce-content-background-container\"><\/div><div class=\"vce-row-content\" data-vce-element-content=\"true\"><div class=\"vce-col vce-col--xs-100p vce-col--xs-visible vce-col--xs-last vce-col--xs-first vce-col--sm-100p vce-col--sm-visible vce-col--sm-last vce-col--sm-first vce-col--md-auto vce-col--md-visible vce-col--md-last vce-col--md-first vce-col--lg-auto vce-col--lg-visible vce-col--lg-last vce-col--lg-first vce-col--xl-auto vce-col--xl-visible vce-col--xl-last vce-col--xl-first\" id=\"el-0a9999ee\"><div class=\"vce-col-inner\" data-vce-do-apply=\"border margin background  el-0a9999ee\"><div class=\"vce-col-content\" data-vce-element-content=\"true\" data-vce-do-apply=\"padding el-0a9999ee\"><div class=\"vce-text-block\"><div class=\"vce-text-block-wrapper vce\" id=\"el-0c179d02\" data-vce-do-apply=\"all el-0c179d02\"><h2>Contacto<\/h2><\/div><\/div><div class=\"vce-row-container\" data-vce-boxed-width=\"true\"><div class=\"vce-row vce-row--col-gap-30 vce-row-equal-height vce-row-content--top\" id=\"el-cde6a4a7\" data-vce-do-apply=\"all el-cde6a4a7\"><div class=\"vce-row-content\" data-vce-element-content=\"true\"><div class=\"vce-col vce-col--xs-100p vce-col--xs-visible vce-col--xs-last vce-col--xs-first vce-col--sm-100p vce-col--sm-visible vce-col--sm-last vce-col--sm-first vce-col--md-100p vce-col--md-visible vce-col--md-last vce-col--md-first vce-col--lg-auto vce-col--lg-visible vce-col--lg-first vce-col--xl-auto vce-col--xl-visible vce-col--xl-first\" id=\"el-76de7c87\"><div class=\"vce-col-inner\" data-vce-do-apply=\"border margin background  el-76de7c87\"><div class=\"vce-col-content\" data-vce-element-content=\"true\" data-vce-do-apply=\"padding el-76de7c87\"><div class=\"vce-text-block\"><div class=\"vce-text-block-wrapper vce\" id=\"el-807a6bf7\" data-vce-do-apply=\"all el-807a6bf7\"><p><span style=\"color: #185729;\"><strong>OFICINAS<\/strong><\/span><br>Av. Catalunya, 41 <br>43114 Vallmoll<br>T. 977 637 321<br><a href=\"mailto:empresa@excarbonell.com\">empresa@excarbonell.com<\/a><\/p><p>Horario: Ma\u00f1anas de 08:00-14:00 y tardes de 15:00-18:00<\/p><\/div><\/div><div class=\"vce-google-maps vce-google-maps--align-left\"><div class=\"vce-google-maps-wrapper vce vce-google-maps-proportional\" id=\"el-ff7b9e0a\" data-vce-do-apply=\"all el-ff7b9e0a\" style=\"width: 600px; height: auto;\"><div class=\"vce-google-maps-inner\" style=\"padding-bottom: 75%;\"><iframe src=\"https:\/\/www.google.com\/maps\/embed?pb=!1m18!1m12!1m3!1d12000.051587932558!2d1.2408539041722986!3d41.243276979175874!2m3!1f0!2f0!3f0!3m2!1i1024!2i768!4f13.1!3m3!1m2!1s0x12a3ffa81407ff11%3A0x3fe1d8f6167f2896!2sExcavacions%20Carbonell!5e0!3m2!1sca!2ses!4v1659432954656!5m2!1sca!2ses\" width=\"600\" height=\"450\" style=\"border: 0px; pointer-events: none;\" allowfullscreen=\"\" loading=\"lazy\" referrerpolicy=\"no-referrer-when-downgrade\"><\/iframe><\/div><\/div><\/div><\/div><\/div><\/div><div class=\"vce-col vce-col--xs-100p vce-col--xs-visible vce-col--xs-last vce-col--xs-first vce-col--sm-100p vce-col--sm-visible vce-col--sm-last vce-col--sm-first vce-col--md-100p vce-col--md-visible vce-col--md-last vce-col--md-first vce-col--lg-auto vce-col--lg-visible vce-col--lg-last vce-col--xl-auto vce-col--xl-visible vce-col--xl-last\" id=\"el-5fdaadef\"><div class=\"vce-col-inner\" data-vce-do-apply=\"border margin background  el-5fdaadef\"><div class=\"vce-col-content\" data-vce-element-content=\"true\" data-vce-do-apply=\"padding el-5fdaadef\"><div class=\"vce-text-block\"><div class=\"vce-text-block-wrapper vce\" id=\"el-e6929d25\" data-vce-do-apply=\"all el-e6929d25\"><p><span style=\"color: #185729;\"><strong>PLANTA RECICLAJE<\/strong><\/span><br>Pol\u00edgono Industrial de Valls<br>Palau de Reig Pol. 5 Parc.16<\/p><p>Horario: Ma\u00f1anas de 08:00-13:00 y tardes de 14:00-18:00<\/p><\/div><\/div><div class=\"vce-google-maps vce-google-maps--align-left\"><div class=\"vce-google-maps-wrapper vce vce-google-maps-proportional\" id=\"el-3686b452\" data-vce-do-apply=\"all el-3686b452\" style=\"width: 600px; height: auto;\"><div class=\"vce-google-maps-inner\" style=\"padding-bottom: 75%;\"><iframe src=\"https:\/\/www.google.com\/maps\/embed?pb=!1m18!1m12!1m3!1d11984.584074255992!2d1.260592404173857!3d41.32743807916779!2m3!1f0!2f0!3f0!3m2!1i1024!2i768!4f13.1!3m3!1m2!1s0x0%3A0x4f28f12ca3934088!2zNDHCsDE5JzM4LjgiTiAxwrAxNicwOS43IkU!5e0!3m2!1sca!2ses!4v1659436587371!5m2!1sca!2ses\" width=\"600\" height=\"450\" style=\"border: 0px; pointer-events: none;\" allowfullscreen=\"\" loading=\"lazy\" referrerpolicy=\"no-referrer-when-downgrade\"><\/iframe><\/div><\/div><\/div><\/div><\/div><\/div><\/div><\/div><\/div><\/div><\/div><\/div><\/div><\/div><\/div>\n","protected":false},"excerpt":{"rendered":"<p>ContactoOFICINASAv. Catalunya, 41 43114 VallmollT. 977 637 321empresa@excarbonell.comHorario: Ma\u00f1anas de 08:00-14:00 y tardes de 15:00-18:00PLANTA RECICLAJEPol\u00edgono Industrial de VallsPalau de Reig Pol. 5 Parc.16Horario: Ma\u00f1anas de 08:00-13:00 y tardes de 14:00-18:00<\/p>\n","protected":false},"author":1,"featured_media":0,"parent":0,"menu_order":0,"comment_status":"closed","ping_status":"closed","template":"","meta":{"footnotes":""},"class_list":["post-380","page","type-page","status-publish","hentry"],"_links":{"self":[{"href":"https:\/\/www.excarbonell.com\/es\/wp-json\/wp\/v2\/pages\/380","targetHints":{"allow":["GET"]}}],"collection":[{"href":"https:\/\/www.excarbonell.com\/es\/wp-json\/wp\/v2\/pages"}],"about":[{"href":"https:\/\/www.excarbonell.com\/es\/wp-json\/wp\/v2\/types\/page"}],"author":[{"embeddable":true,"href":"https:\/\/www.excarbonell.com\/es\/wp-json\/wp\/v2\/users\/1"}],"replies":[{"embeddable":true,"href":"https:\/\/www.excarbonell.com\/es\/wp-json\/wp\/v2\/comments?post=380"}],"version-history":[{"count":2,"href":"https:\/\/www.excarbonell.com\/es\/wp-json\/wp\/v2\/pages\/380\/revisions"}],"predecessor-version":[{"id":398,"href":"https:\/\/www.excarbonell.com\/es\/wp-json\/wp\/v2\/pages\/380\/revisions\/398"}],"wp:attachment":[{"href":"https:\/\/www.excarbonell.com\/es\/wp-json\/wp\/v2\/media?parent=380"}],"curies":[{"name":"wp","href":"https:\/\/api.w.org\/{rel}","templated":true}]}}